{"id":134,"date":"2025-08-25T08:59:38","date_gmt":"2025-08-25T08:59:38","guid":{"rendered":"https:\/\/www.crosstechxperience.eu\/?page_id=134"},"modified":"2025-08-25T09:08:01","modified_gmt":"2025-08-25T09:08:01","slug":"mentions-legales","status":"publish","type":"page","link":"https:\/\/www.crosstechxperience.eu\/nl\/mentions-legales\/","title":{"rendered":"Wettelijke kennisgeving"},"content":{"rendered":"<div class=\"wp-block-group alignwide has-global-padding is-layout-constrained wp-block-group-is-layout-constrained\">\n<h2 class=\"wp-block-heading alignwide has-custom-color-1-color has-text-color has-link-color wp-elements-8860e40a839bb9234b3cc0e0dd848fef\"><strong>Wettelijke kennisgeving<\/strong><\/h2>\n\n\n\n<div class=\"wp-block-group alignwide has-global-padding is-content-justification-left is-layout-constrained wp-container-core-group-is-layout-12dd3699 wp-block-group-is-layout-constrained\">\n<p class=\"has-text-align-left is-style-default has-large-font-size\"><strong>Site uitgever<\/strong><br>UNIVERSITE DE MONS<br>PL DU PARC 20 7000 MONS BELGIQUE<br>+(32)65 37 31 11<br>92354279900013<\/p>\n\n\n\n<p><strong>Directeur publicatie<\/strong><br>Philippe DUBOIS<\/p>\n\n\n\n<p><strong>Gastheer<\/strong><br>Reaklab<br>Rue de la Petite Guirlande 28, 7000 Mons<br>0489 33 24 99<\/p>\n\n\n\n<p><strong>Intellectuele eigendomsrechten<\/strong><br>De volledige inhoud van deze site (tekst, afbeeldingen, video\u2019s, enz.) wordt beschermd door intellectuele eigendomsrechten. Elke reproductie zonder voorafgaande toestemming is verboden.<\/p>\n<\/div>\n<\/div>\n\n\n\n<p><\/p>","protected":false},"excerpt":{"rendered":"<p>Mentions l\u00e9gales \u00c9diteur du siteUNIVERSITE DE MONSPL DU PARC 20 7000 MONS BELGIQUE+(32)65 37 31 1192354279900013 Directeur de publicationPhilippe DUBOIS H\u00e9bergeurReaklabRue de la Petite Guirlande 28, 7000 Mons0489 33 24 99 Propri\u00e9t\u00e9 intellectuelleL\u2019ensemble du contenu de ce site (textes, images, vid\u00e9os, etc.) est prot\u00e9g\u00e9 par les lois sur la propri\u00e9t\u00e9 intellectuelle. Toute reproduction sans autorisation [&hellip;]<\/p>","protected":false},"author":1,"featured_media":0,"parent":0,"menu_order":0,"comment_status":"closed","ping_status":"closed","template":"","meta":{"footnotes":""},"class_list":["post-134","page","type-page","status-publish","hentry"],"_links":{"self":[{"href":"https:\/\/www.crosstechxperience.eu\/nl\/wp-json\/wp\/v2\/pages\/134","targetHints":{"allow":["GET"]}}],"collection":[{"href":"https:\/\/www.crosstechxperience.eu\/nl\/wp-json\/wp\/v2\/pages"}],"about":[{"href":"https:\/\/www.crosstechxperience.eu\/nl\/wp-json\/wp\/v2\/types\/page"}],"author":[{"embeddable":true,"href":"https:\/\/www.crosstechxperience.eu\/nl\/wp-json\/wp\/v2\/users\/1"}],"replies":[{"embeddable":true,"href":"https:\/\/www.crosstechxperience.eu\/nl\/wp-json\/wp\/v2\/comments?post=134"}],"version-history":[{"count":4,"href":"https:\/\/www.crosstechxperience.eu\/nl\/wp-json\/wp\/v2\/pages\/134\/revisions"}],"predecessor-version":[{"id":140,"href":"https:\/\/www.crosstechxperience.eu\/nl\/wp-json\/wp\/v2\/pages\/134\/revisions\/140"}],"wp:attachment":[{"href":"https:\/\/www.crosstechxperience.eu\/nl\/wp-json\/wp\/v2\/media?parent=134"}],"curies":[{"name":"wp","href":"https:\/\/api.w.org\/{rel}","templated":true}]}}