{"id":18,"date":"2025-08-21T07:01:02","date_gmt":"2025-08-21T07:01:02","guid":{"rendered":"https:\/\/www.crosstechxperience.eu\/?page_id=18"},"modified":"2026-02-12T09:12:05","modified_gmt":"2026-02-12T09:12:05","slug":"accueil","status":"publish","type":"page","link":"https:\/\/www.crosstechxperience.eu\/nl\/","title":{"rendered":"Home"},"content":{"rendered":"<div class=\"wp-block-cover alignfull is-light\" style=\"margin-top:0;margin-bottom:0;padding-top:30px;padding-bottom:30px;min-height:85px;aspect-ratio:unset;\"><img loading=\"lazy\" decoding=\"async\" width=\"1024\" height=\"437\" class=\"wp-block-cover__image-background wp-image-636 size-large\" alt=\"\" src=\"https:\/\/www.crosstechxperience.eu\/app\/uploads\/2026\/02\/23102025-DSC00915-1-1-1024x437.jpg\" style=\"object-position:49% 84%\" data-object-fit=\"cover\" data-object-position=\"49% 84%\" srcset=\"https:\/\/www.crosstechxperience.eu\/app\/uploads\/2026\/02\/23102025-DSC00915-1-1-1024x437.jpg 1024w, https:\/\/www.crosstechxperience.eu\/app\/uploads\/2026\/02\/23102025-DSC00915-1-1-300x128.jpg 300w, https:\/\/www.crosstechxperience.eu\/app\/uploads\/2026\/02\/23102025-DSC00915-1-1-768x328.jpg 768w, https:\/\/www.crosstechxperience.eu\/app\/uploads\/2026\/02\/23102025-DSC00915-1-1-1536x656.jpg 1536w, https:\/\/www.crosstechxperience.eu\/app\/uploads\/2026\/02\/23102025-DSC00915-1-1-2048x875.jpg 2048w, https:\/\/www.crosstechxperience.eu\/app\/uploads\/2026\/02\/23102025-DSC00915-1-1-18x8.jpg 18w\" sizes=\"auto, (max-width: 1024px) 100vw, 1024px\" \/><span aria-hidden=\"true\" class=\"wp-block-cover__background has-custom-color-1-background-color has-background-dim\"><\/span><div class=\"wp-block-cover__inner-container has-global-padding is-layout-constrained wp-container-core-cover-is-layout-3ef7fb13 wp-block-cover-is-layout-constrained\">\n<div class=\"wp-block-group has-global-padding is-layout-constrained wp-container-core-group-is-layout-704e782a wp-block-group-is-layout-constrained\">\n<div class=\"wp-block-columns is-layout-flex wp-container-core-columns-is-layout-59e203da wp-block-columns-is-layout-flex\" style=\"padding-right:0;padding-left:0\">\n<div class=\"wp-block-column is-layout-flow wp-container-core-column-is-layout-dc778769 wp-block-column-is-layout-flow\" style=\"flex-basis:100%\">\n<h1 class=\"wp-block-heading has-text-align-center has-text-color has-raleway-font-family\" style=\"color:#ffffff;margin-top:60px;font-size:clamp(50.171px, 3.136rem + ((1vw - 3.2px) * 4.885), 100px);font-style:normal;font-weight:500;line-height:1\">CrossTechXperience<\/h1>\n\n\n\n<div class=\"wp-block-buttons is-content-justification-center is-layout-flex wp-container-core-buttons-is-layout-a5792793 wp-block-buttons-is-layout-flex\" style=\"margin-top:50px\">\n<div class=\"wp-block-button is-style-fill\"><a class=\"wp-block-button__link has-base-color has-custom-color-1-background-color has-text-color has-background has-raleway-font-family has-text-align-center has-custom-font-size wp-element-button\" style=\"border-radius:0px;padding-top:20px;padding-right:50px;padding-bottom:20px;padding-left:50px;font-size:clamp(14px, 0.875rem + ((1vw - 3.2px) * 0.392), 18px);font-style:normal;font-weight:500\">Neem contact met ons<\/a><\/div>\n\n\n\n<div class=\"wp-block-button is-style-fill\"><a class=\"wp-block-button__link has-base-color has-custom-color-1-background-color has-text-color has-background has-raleway-font-family has-text-align-center has-custom-font-size wp-element-button\" href=\"https:\/\/www.crosstechxperience.eu\/nl\/398-2\/\" style=\"border-radius:0px;padding-top:20px;padding-right:50px;padding-bottom:20px;padding-left:50px;font-size:clamp(14px, 0.875rem + ((1vw - 3.2px) * 0.392), 18px);font-style:normal;font-weight:500\">Research ecosystem meeting<br>13\/03\/2026, IMT Nord Europe<br>Infos<\/a><\/div>\n<\/div>\n<\/div>\n<\/div>\n<\/div>\n<\/div><\/div>\n\n\n\n<div class=\"wp-block-group alignfull has-base-background-color has-background has-global-padding is-layout-constrained wp-container-core-group-is-layout-df467a3c wp-block-group-is-layout-constrained\" style=\"margin-top:0;margin-bottom:0;padding-top:var(--wp--preset--spacing--40);padding-bottom:100px\">\n<div class=\"wp-block-media-text has-media-on-the-right is-stacked-on-mobile is-vertically-aligned-top is-image-fill-element\" style=\"margin-top:0;margin-bottom:0;padding-top:0;padding-right:0px;padding-bottom:50px;grid-template-columns:auto 24%\"><div class=\"wp-block-media-text__content\">\n<h1 class=\"wp-block-heading has-custom-color-1-color has-text-color has-raleway-font-family\" style=\"padding-right:60px;font-size:clamp(26.465px, 1.654rem + ((1vw - 3.2px) * 1.817), 45px);font-style:normal;font-weight:500;text-transform:capitalize\"><strong>CrossTechXperience (CTX)<\/strong><\/h1>\n\n\n\n<p class=\"has-text-color has-roboto-serif-font-family\" style=\"color:#000000;padding-top:0px;padding-right:60px;padding-bottom:50px;font-size:clamp(14px, 0.875rem + ((1vw - 3.2px) * 0.392), 18px);font-style:normal;font-weight:400\">Het<strong> CrossTechXperience (CTX) project <\/strong>is een grensoverschrijdend initiatief dat tot doel heeft een innovatief ecosysteem te cre\u00ebren rond immersieve -, interactieve - en gamingtechnologie\u00eben in Noord-Frankrijk, Walloni\u00eb en West-Vlaanderen. <br>Ondersteund door het Europese Interreg-programma bevordert CTX innovatie, de concurrentiekracht van KMO's en het behoud van talent door samenwerking tussen bedrijven, onderwijsinstellingen, onderzoekscentra, evenals entertainmentprofessionals en artiesten <br>Deze visie wordt gerealiseerd door concrete acties zoals pilootprojecten, opleidingsprogramma's, hackathons, bewustmakingscampagnes en artistieke residenties.<\/p>\n<\/div><figure class=\"wp-block-media-text__media\"><img loading=\"lazy\" decoding=\"async\" width=\"1125\" height=\"2000\" src=\"https:\/\/www.crosstechxperience.eu\/app\/uploads\/2025\/08\/DSC01851.jpg\" alt=\"\" class=\"wp-image-13 size-full\" style=\"object-position:50% 50%\" srcset=\"https:\/\/www.crosstechxperience.eu\/app\/uploads\/2025\/08\/DSC01851.jpg 1125w, https:\/\/www.crosstechxperience.eu\/app\/uploads\/2025\/08\/DSC01851-169x300.jpg 169w, https:\/\/www.crosstechxperience.eu\/app\/uploads\/2025\/08\/DSC01851-576x1024.jpg 576w, https:\/\/www.crosstechxperience.eu\/app\/uploads\/2025\/08\/DSC01851-768x1365.jpg 768w, https:\/\/www.crosstechxperience.eu\/app\/uploads\/2025\/08\/DSC01851-864x1536.jpg 864w\" sizes=\"auto, (max-width: 1125px) 100vw, 1125px\" \/><\/figure><\/div>\n\n\n\n<div class=\"wp-block-group alignfull has-background has-global-padding is-layout-constrained wp-container-core-group-is-layout-5ff8a92b wp-block-group-is-layout-constrained\" style=\"background-color:#2ab5a71c;margin-top:0;margin-bottom:0;padding-top:100px;padding-bottom:100px\">\n<h2 class=\"wp-block-heading has-text-align-center has-custom-color-1-color has-text-color has-raleway-font-family\" style=\"padding-right:60px;font-size:clamp(26.465px, 1.654rem + ((1vw - 3.2px) * 1.817), 45px);font-style:normal;font-weight:500;text-transform:capitalize\">Nieuws <\/h2>\n\n\n\n<div class=\"wp-block-columns is-layout-flex wp-container-core-columns-is-layout-28f84493 wp-block-columns-is-layout-flex\">\n<div class=\"wp-block-column is-layout-flow wp-block-column-is-layout-flow\"><\/div>\n<\/div>\n\n\n\n<div class=\"wp-block-columns is-layout-flex wp-container-core-columns-is-layout-28f84493 wp-block-columns-is-layout-flex\">\n<div class=\"wp-block-column is-layout-flow wp-block-column-is-layout-flow\" style=\"flex-basis:66.66%\"><ul style=\"padding-top:var(--wp--preset--spacing--40);padding-bottom:var(--wp--preset--spacing--40);padding-left:var(--wp--preset--spacing--50);padding-right:var(--wp--preset--spacing--50);\" class=\"wp-block-latest-posts__list is-grid columns-2 has-link-color wp-elements-31c72882c819e92d91160ffd24e13578 wp-block-latest-posts has-text-color has-contrast-color has-large-font-size\"><li><div class=\"wp-block-latest-posts__featured-image\"><a href=\"https:\/\/www.crosstechxperience.eu\/nl\/entrepreneurial-track-1\/\" aria-label=\"Entrepreneurial Track #1\"><img loading=\"lazy\" decoding=\"async\" width=\"1024\" height=\"1024\" src=\"https:\/\/www.crosstechxperience.eu\/app\/uploads\/2025\/08\/Entrepreneurial-track3-1024x1024.png\" class=\"attachment-large size-large wp-post-image\" alt=\"\" style=\"\" srcset=\"https:\/\/www.crosstechxperience.eu\/app\/uploads\/2025\/08\/Entrepreneurial-track3-1024x1024.png 1024w, https:\/\/www.crosstechxperience.eu\/app\/uploads\/2025\/08\/Entrepreneurial-track3-300x300.png 300w, https:\/\/www.crosstechxperience.eu\/app\/uploads\/2025\/08\/Entrepreneurial-track3-150x150.png 150w, https:\/\/www.crosstechxperience.eu\/app\/uploads\/2025\/08\/Entrepreneurial-track3-768x768.png 768w, https:\/\/www.crosstechxperience.eu\/app\/uploads\/2025\/08\/Entrepreneurial-track3.png 1080w\" sizes=\"auto, (max-width: 1024px) 100vw, 1024px\" \/><\/a><\/div><a class=\"wp-block-latest-posts__post-title\" href=\"https:\/\/www.crosstechxperience.eu\/nl\/entrepreneurial-track-1\/\">Entrepreneurial Track #1<\/a><div class=\"wp-block-latest-posts__post-excerpt\">Bienvenue dans le Parcours Entrepreneurial&nbsp;CrossTechXperience&nbsp; Lancez votre aventure tech : participez au parcours entrepreneurial\u2026 <a class=\"wp-block-latest-posts__read-more\" href=\"https:\/\/www.crosstechxperience.eu\/nl\/entrepreneurial-track-1\/\" rel=\"noopener noreferrer\">Lees meer<span class=\"screen-reader-text\">: Entrepreneurial Track #1<\/span><\/a><\/div><\/li>\n<\/ul><\/div>\n\n\n\n<div class=\"wp-block-column is-vertically-aligned-center is-layout-flow wp-container-core-column-is-layout-8a368f38 wp-block-column-is-layout-flow\">\n<p class=\"has-text-align-left has-contrast-color has-text-color has-roboto-slab-font-family\" id=\"GQFtinjTMyEXTWTi\" style=\"font-size:clamp(18.959px, 1.185rem + ((1vw - 3.2px) * 1.082), 30px);\"><strong>Alle artikelen en nieuwsberichten bekijken<\/strong><\/p>\n\n\n\n<div class=\"wp-block-buttons is-layout-flex wp-block-buttons-is-layout-flex\" style=\"margin-top:var(--wp--preset--spacing--30);margin-bottom:var(--wp--preset--spacing--30)\">\n<div class=\"wp-block-button\"><a class=\"wp-block-button__link has-custom-color-1-background-color has-background wp-element-button\" href=\"https:\/\/www.crosstechxperience.eu\/nl\/actualites\/\" style=\"border-style:none;border-width:0px;border-radius:0px;padding-top:var(--wp--preset--spacing--20);padding-right:var(--wp--preset--spacing--30);padding-bottom:var(--wp--preset--spacing--20);padding-left:var(--wp--preset--spacing--30)\">Meer zien<\/a><\/div>\n<\/div>\n<\/div>\n<\/div>\n\n\n\n<p class=\"has-text-color\" style=\"color:#afac9b;font-size:clamp(14px, 0.875rem + ((1vw - 3.2px) * 0.49), 19px);\"><\/p>\n<\/div>\n\n\n\n<div class=\"wp-block-group alignfull has-global-padding is-layout-constrained wp-container-core-group-is-layout-dfcc580f wp-block-group-is-layout-constrained\" style=\"margin-top:0;margin-bottom:0;padding-top:100px;padding-bottom:0px\">\n<h2 class=\"wp-block-heading has-text-align-center has-custom-color-1-color has-text-color has-raleway-font-family\" style=\"padding-right:60px;font-size:clamp(26.465px, 1.654rem + ((1vw - 3.2px) * 1.817), 45px);font-style:normal;font-weight:500;text-transform:capitalize\">Partners <\/h2>\n\n\n\n<div class=\"wp-block-columns alignwide is-layout-flex wp-container-core-columns-is-layout-2be0c77d wp-block-columns-is-layout-flex\" style=\"margin-top:40px;margin-bottom:40px\">\n<div class=\"wp-block-column is-layout-flow wp-block-column-is-layout-flow\">\n<figure class=\"wp-block-image aligncenter size-full is-resized\"><img loading=\"lazy\" decoding=\"async\" width=\"1200\" height=\"125\" src=\"https:\/\/www.crosstechxperience.eu\/app\/uploads\/2026\/02\/banniere-logos-partenaires-1.png\" alt=\"\" class=\"wp-image-561\" style=\"width:1100px\" srcset=\"https:\/\/www.crosstechxperience.eu\/app\/uploads\/2026\/02\/banniere-logos-partenaires-1.png 1200w, https:\/\/www.crosstechxperience.eu\/app\/uploads\/2026\/02\/banniere-logos-partenaires-1-300x31.png 300w, https:\/\/www.crosstechxperience.eu\/app\/uploads\/2026\/02\/banniere-logos-partenaires-1-1024x107.png 1024w, https:\/\/www.crosstechxperience.eu\/app\/uploads\/2026\/02\/banniere-logos-partenaires-1-768x80.png 768w, https:\/\/www.crosstechxperience.eu\/app\/uploads\/2026\/02\/banniere-logos-partenaires-1-18x2.png 18w\" sizes=\"auto, (max-width: 1200px) 100vw, 1200px\" \/><\/figure>\n\n\n\n<div class=\"wp-block-buttons has-custom-font-size has-medium-font-size is-content-justification-center is-layout-flex wp-container-core-buttons-is-layout-9a248276 wp-block-buttons-is-layout-flex\" style=\"margin-top:var(--wp--preset--spacing--20);margin-bottom:var(--wp--preset--spacing--20)\">\n<div class=\"wp-block-button\"><a class=\"wp-block-button__link has-custom-color-1-background-color has-background wp-element-button\" href=\"https:\/\/www.crosstechxperience.eu\/nl\/partenaires\/\" style=\"border-style:none;border-width:0px;border-radius:0px;padding-top:var(--wp--preset--spacing--20);padding-right:var(--wp--preset--spacing--30);padding-bottom:var(--wp--preset--spacing--20);padding-left:var(--wp--preset--spacing--30)\">Meer informatie over de partners<\/a><\/div>\n<\/div>\n<\/div>\n<\/div>\n\n\n\n<p class=\"has-text-align-center has-contrast-color has-text-color has-link-color has-bayon-font-family wp-elements-f2a3af60dd21e8126e97caea485a3990\" style=\"font-size:clamp(14px, 0.875rem + ((1vw - 3.2px) * 0.392), 18px);font-style:normal;font-weight:700;letter-spacing:0px\">Meer informatie over de <a href=\"https:\/\/www.interreg-fwvl.eu\/fr\">programme \u00ab\u00a0Interreg VI<\/a>\u00a0\u00bb <\/p>\n\n\n\n<figure class=\"wp-block-image aligncenter size-full is-resized\"><a href=\"https:\/\/www.interreg-fwvl.eu\/fr\"><img loading=\"lazy\" decoding=\"async\" width=\"725\" height=\"191\" src=\"https:\/\/www.crosstechxperience.eu\/app\/uploads\/2025\/08\/logo_interreg_fwv.png\" alt=\"\" class=\"wp-image-31\" style=\"width:399px;height:auto\" srcset=\"https:\/\/www.crosstechxperience.eu\/app\/uploads\/2025\/08\/logo_interreg_fwv.png 725w, https:\/\/www.crosstechxperience.eu\/app\/uploads\/2025\/08\/logo_interreg_fwv-300x79.png 300w\" sizes=\"auto, (max-width: 725px) 100vw, 725px\" \/><\/a><\/figure>\n\n\n\n<div class=\"wp-block-buttons has-custom-font-size has-medium-font-size is-content-justification-center is-layout-flex wp-container-core-buttons-is-layout-9a248276 wp-block-buttons-is-layout-flex\" style=\"margin-top:var(--wp--preset--spacing--20);margin-bottom:var(--wp--preset--spacing--20)\">\n<div class=\"wp-block-button\"><a class=\"wp-block-button__link has-custom-color-1-background-color has-background wp-element-button\" href=\"https:\/\/www.interreg-fwvl.eu\/fr\" style=\"border-style:none;border-width:0px;border-radius:0px;padding-top:var(--wp--preset--spacing--20);padding-right:var(--wp--preset--spacing--30);padding-bottom:var(--wp--preset--spacing--20);padding-left:var(--wp--preset--spacing--30)\">Meer informatie<\/a><\/div>\n<\/div>\n<\/div>\n<\/div>\n\n\n\n<div class=\"wp-block-group alignfull has-base-background-color has-background has-global-padding is-layout-constrained wp-container-core-group-is-layout-a46c4bfb wp-block-group-is-layout-constrained\" style=\"margin-top:0;margin-bottom:0;padding-top:15px;padding-right:var(--wp--preset--spacing--30);padding-bottom:15px;padding-left:var(--wp--preset--spacing--30)\">\n<div class=\"wp-block-columns is-layout-flex wp-container-core-columns-is-layout-c2d6fa21 wp-block-columns-is-layout-flex\">\n<div class=\"wp-block-column is-vertically-aligned-top is-layout-flow wp-block-column-is-layout-flow\">\n<div class=\"wp-block-group has-global-padding is-content-justification-left is-layout-constrained wp-container-core-group-is-layout-d5209ea4 wp-block-group-is-layout-constrained\">\n<h3 class=\"wp-block-heading has-text-color\" style=\"color:#000000;margin-top:12px;margin-bottom:0;font-size:clamp(24.034px, 1.502rem + ((1vw - 3.2px) * 1.565), 40px);font-style:normal;font-weight:500;line-height:1.1\">Wilt u meer weten?<\/h3>\n<\/div>\n\n\n\n<div class=\"wp-block-group is-nowrap is-layout-flex wp-container-core-group-is-layout-81e3e2b2 wp-block-group-is-layout-flex\" style=\"margin-top:32px\">\n<figure class=\"wp-block-image size-full is-resized wp-duotone-ffffff-2ab4a6-1\"><img decoding=\"async\" src=\"https:\/\/tyler.com\/wp-content\/uploads\/2023\/11\/stream-icon2.png\" alt=\"\" class=\"wp-image-2035\" style=\"width:32px\"\/><\/figure>\n\n\n\n<div class=\"wp-block-group is-vertical is-layout-flex wp-container-core-group-is-layout-4b827052 wp-block-group-is-layout-flex\">\n<h5 class=\"wp-block-heading has-text-color\" style=\"color:#000000;font-size:clamp(14px, 0.875rem + ((1vw - 3.2px) * 0.294), 17px);font-style:normal;font-weight:700\">Email<\/h5>\n\n\n\n<p class=\"has-text-color\" style=\"color:#696767;font-size:clamp(14px, 0.875rem + ((1vw - 3.2px) * 0.294), 17px);\">contact@crosstechxperience.eu<\/p>\n<\/div>\n<\/div>\n\n\n\n<div class=\"wp-block-group is-nowrap is-layout-flex wp-container-core-group-is-layout-81e3e2b2 wp-block-group-is-layout-flex\" style=\"margin-top:32px\">\n<figure class=\"wp-block-image size-full is-resized wp-duotone-ffffff-2ab4a6-2\"><img decoding=\"async\" src=\"https:\/\/tyler.com\/wp-content\/uploads\/2023\/11\/stream-icon3.png\" alt=\"\" class=\"wp-image-2036\" style=\"width:32px\"\/><\/figure>\n\n\n\n<div class=\"wp-block-group is-vertical is-layout-flex wp-container-core-group-is-layout-4b827052 wp-block-group-is-layout-flex\">\n<h5 class=\"wp-block-heading has-text-color\" style=\"color:#000000;font-size:clamp(14px, 0.875rem + ((1vw - 3.2px) * 0.294), 17px);font-style:normal;font-weight:700\">Adres<\/h5>\n\n\n\n<p class=\"has-text-color\" style=\"color:#696767;font-size:clamp(14px, 0.875rem + ((1vw - 3.2px) * 0.294), 17px);\"><a href=\"https:\/\/www.google.com\/maps\/place\/\/data=!4m2!3m1!1s0x47c2519d0547281f:0x5e22ddab5e9649c5?sa=X&amp;ved=1t:8290&amp;ictx=111\">Bd Initialis 30, 7000 Mons<\/a><\/p>\n<\/div>\n<\/div>\n<\/div>\n\n\n\n<div class=\"wp-block-column is-layout-flow wp-block-column-is-layout-flow\"><style id=\"wpforms-css-vars-49-block-9149e1ca-b010-42cc-a863-4c770daa6dfa\">\n\t\t\t\t#wpforms-49.wpforms-block-9149e1ca-b010-42cc-a863-4c770daa6dfa {\n\t\t\t\t--wpforms-field-size-input-height: 43px;\n--wpforms-field-size-input-spacing: 15px;\n--wpforms-field-size-font-size: 16px;\n--wpforms-field-size-line-height: 19px;\n--wpforms-field-size-padding-h: 14px;\n--wpforms-field-size-checkbox-size: 16px;\n--wpforms-field-size-sublabel-spacing: 5px;\n--wpforms-field-size-icon-size: 1;\n--wpforms-label-size-font-size: 16px;\n--wpforms-label-size-line-height: 19px;\n--wpforms-label-size-sublabel-font-size: 14px;\n--wpforms-label-size-sublabel-line-height: 17px;\n--wpforms-button-size-font-size: 17px;\n--wpforms-button-size-height: 41px;\n--wpforms-button-size-padding-h: 15px;\n--wpforms-button-size-margin-top: 10px;\n\n\t\t\t}\n\t\t\t<\/style><div class=\"wpforms-container wpforms-container-full wpforms-block wpforms-block-9149e1ca-b010-42cc-a863-4c770daa6dfa wpforms-render-modern\" id=\"wpforms-49\"><form id=\"wpforms-form-49\" class=\"wpforms-validate wpforms-form wpforms-ajax-form\" data-formid=\"49\" method=\"post\" enctype=\"multipart\/form-data\" action=\"\/nl\/wp-json\/wp\/v2\/pages\/18\" data-token=\"4757763299a72379fb9f30e76d8d08fd\" data-token-time=\"1776408984\" data-trp-original-action=\"\/nl\/wp-json\/wp\/v2\/pages\/18\"><noscript class=\"wpforms-error-noscript\">Schakel JavaScript in uw browser in om dit formulier in te vullen.<\/noscript><div id=\"wpforms-error-noscript\" style=\"display: none;\">Schakel JavaScript in uw browser in om dit formulier in te vullen.<\/div><div class=\"wpforms-field-container\"><div id=\"wpforms-49-field_1-container\" class=\"wpforms-field wpforms-field-name\" data-field-id=\"1\"><fieldset><legend class=\"wpforms-field-label\">Naam <span class=\"wpforms-required-label\" aria-hidden=\"true\">*<\/span><\/legend><div class=\"wpforms-field-row wpforms-field-medium\"><div class=\"wpforms-field-row-block wpforms-first wpforms-one-half\"><input type=\"text\" id=\"wpforms-49-field_1\" class=\"wpforms-field-name-first wpforms-field-required\" name=\"wpforms[fields][1][first]\" aria-errormessage=\"wpforms-49-field_1-error\" required><label for=\"wpforms-49-field_1\" class=\"wpforms-field-sublabel after\">Eerste<\/label><\/div><div class=\"wpforms-field-row-block wpforms-one-half\"><input type=\"text\" id=\"wpforms-49-field_1-last\" class=\"wpforms-field-name-last wpforms-field-required\" name=\"wpforms[fields][1][last]\" aria-errormessage=\"wpforms-49-field_1-last-error\" required><label for=\"wpforms-49-field_1-last\" class=\"wpforms-field-sublabel after\">Achternaam<\/label><\/div><\/div><\/fieldset><\/div><div id=\"wpforms-49-field_2-container\" class=\"wpforms-field wpforms-field-email\" data-field-id=\"2\"><label class=\"wpforms-field-label\" for=\"wpforms-49-field_2\">E-mail <span class=\"wpforms-required-label\" aria-hidden=\"true\">*<\/span><\/label><input type=\"email\" id=\"wpforms-49-field_2\" class=\"wpforms-field-medium wpforms-field-required\" name=\"wpforms[fields][2]\" spellcheck=\"false\" aria-errormessage=\"wpforms-49-field_2-error\" required><\/div>\t\t<div id=\"wpforms-49-field_4-container\"\n\t\t\tclass=\"wpforms-field wpforms-field-text\"\n\t\t\tdata-field-type=\"text\"\n\t\t\tdata-field-id=\"4\"\n\t\t\t>\n\t\t\t<label class=\"wpforms-field-label\" for=\"wpforms-49-field_4\" >Nom ou Commentaire<\/label>\n\t\t\t<input type=\"text\" id=\"wpforms-49-field_4\" class=\"wpforms-field-medium\" name=\"wpforms[fields][4]\" >\n\t\t<\/div>\n\t\t<div id=\"wpforms-49-field_3-container\" class=\"wpforms-field wpforms-field-textarea\" data-field-id=\"3\"><label class=\"wpforms-field-label\" for=\"wpforms-49-field_3\">Opmerking of bericht<\/label><textarea id=\"wpforms-49-field_3\" class=\"wpforms-field-medium\" name=\"wpforms[fields][3]\" aria-errormessage=\"wpforms-49-field_3-error\" ><\/textarea><\/div><script>\n\t\t\t\t( function() {\n\t\t\t\t\tconst style = document.createElement( 'style' );\n\t\t\t\t\tstyle.appendChild( document.createTextNode( '#wpforms-49-field_4-container { position: absolute !important; overflow: hidden !important; display: inline !important; height: 1px !important; width: 1px !important; z-index: -1000 !important; padding: 0 !important; } #wpforms-49-field_4-container input { visibility: hidden; } #wpforms-conversational-form-page #wpforms-49-field_4-container label { counter-increment: none; }' ) );\n\t\t\t\t\tdocument.head.appendChild( style );\n\t\t\t\t\tdocument.currentScript?.remove();\n\t\t\t\t} )();\n\t\t\t<\/script><\/div><!-- .wpforms-field-container --><div class=\"wpforms-submit-container\" ><input type=\"hidden\" name=\"wpforms[id]\" value=\"49\"><input type=\"hidden\" name=\"page_title\" value=\"\"><input type=\"hidden\" name=\"page_url\" value=\"https:\/\/www.crosstechxperience.eu\/nl\/wp-json\/wp\/v2\/pages\/18\"><input type=\"hidden\" name=\"url_referer\" value=\"\"><button type=\"submit\" name=\"wpforms[submit]\" id=\"wpforms-submit-49\" class=\"wpforms-submit\" data-alt-text=\"Envoi...\" data-submit-text=\"Envoyer\" aria-live=\"assertive\" value=\"wpforms-submit\">Envoyer<\/button><img loading=\"lazy\" decoding=\"async\" src=\"https:\/\/www.crosstechxperience.eu\/app\/plugins\/wpforms-lite\/assets\/images\/submit-spin.svg\" class=\"wpforms-submit-spinner\" style=\"display: none;\" width=\"26\" height=\"26\" alt=\"Aan het laden\"><\/div><input type=\"hidden\" name=\"trp-form-language\" value=\"nl\"\/><\/form><\/div>  <!-- .wpforms-container --><\/div>\n<\/div>\n<\/div>","protected":false},"excerpt":{"rendered":"<p>CrossTechXperience (CTX) Le projet CrossTechXperience (CTX) est une initiative transfrontali\u00e8re qui vise \u00e0 cr\u00e9er un \u00e9cosyst\u00e8me innovant autour des technologies immersives, interactives et gaming dans le nord de la France, en Wallonie et en Flandre occidentale. Soutenu par le programme europ\u00e9en Interreg, CTX favorise l&rsquo;innovation, la comp\u00e9titivit\u00e9 des PME et la r\u00e9tention des talents gr\u00e2ce [&hellip;]<\/p>","protected":false},"author":1,"featured_media":15,"parent":0,"menu_order":0,"comment_status":"closed","ping_status":"closed","template":"","meta":{"footnotes":""},"class_list":["post-18","page","type-page","status-publish","has-post-thumbnail","hentry"],"_links":{"self":[{"href":"https:\/\/www.crosstechxperience.eu\/nl\/wp-json\/wp\/v2\/pages\/18","targetHints":{"allow":["GET"]}}],"collection":[{"href":"https:\/\/www.crosstechxperience.eu\/nl\/wp-json\/wp\/v2\/pages"}],"about":[{"href":"https:\/\/www.crosstechxperience.eu\/nl\/wp-json\/wp\/v2\/types\/page"}],"author":[{"embeddable":true,"href":"https:\/\/www.crosstechxperience.eu\/nl\/wp-json\/wp\/v2\/users\/1"}],"replies":[{"embeddable":true,"href":"https:\/\/www.crosstechxperience.eu\/nl\/wp-json\/wp\/v2\/comments?post=18"}],"version-history":[{"count":48,"href":"https:\/\/www.crosstechxperience.eu\/nl\/wp-json\/wp\/v2\/pages\/18\/revisions"}],"predecessor-version":[{"id":642,"href":"https:\/\/www.crosstechxperience.eu\/nl\/wp-json\/wp\/v2\/pages\/18\/revisions\/642"}],"wp:featuredmedia":[{"embeddable":true,"href":"https:\/\/www.crosstechxperience.eu\/nl\/wp-json\/wp\/v2\/media\/15"}],"wp:attachment":[{"href":"https:\/\/www.crosstechxperience.eu\/nl\/wp-json\/wp\/v2\/media?parent=18"}],"curies":[{"name":"wp","href":"https:\/\/api.w.org\/{rel}","templated":true}]}}