{"id":223,"date":"2025-09-01T13:43:40","date_gmt":"2025-09-01T13:43:40","guid":{"rendered":"https:\/\/www.crosstechxperience.eu\/?page_id=223"},"modified":"2026-04-13T10:14:40","modified_gmt":"2026-04-13T10:14:40","slug":"projets","status":"publish","type":"page","link":"https:\/\/www.crosstechxperience.eu\/nl\/projets\/","title":{"rendered":"Projecten"},"content":{"rendered":"<div class=\"wp-block-group alignfull has-global-padding is-layout-constrained wp-container-core-group-is-layout-cde68871 wp-block-group-is-layout-constrained\" style=\"margin-top:0;margin-bottom:0;padding-top:100px;padding-right:20px;padding-left:20px\">\n<h2 class=\"wp-block-heading has-text-align-left has-custom-color-1-color has-text-color has-bayon-font-family\" style=\"padding-bottom:10px;font-size:clamp(26.465px, 1.654rem + ((1vw - 3.2px) * 1.817), 45px);letter-spacing:2px;text-transform:uppercase\"><strong>Projecten<\/strong><\/h2>\n\n\n<ul style=\"padding-top:var(--wp--preset--spacing--40);padding-bottom:var(--wp--preset--spacing--40);padding-left:var(--wp--preset--spacing--50);padding-right:var(--wp--preset--spacing--50);\" class=\"wp-block-latest-posts__list is-grid columns-3 has-link-color wp-elements-018aa836e5c2802e3d34082a8bbca3d2 wp-block-latest-posts has-text-color has-contrast-color has-large-font-size\"><li><div class=\"wp-block-latest-posts__featured-image\"><a href=\"https:\/\/www.crosstechxperience.eu\/nl\/prototype-2-3-sensibilisation-a-lusage-des-exosquelettes-en-environnement-professionnel\/\" aria-label=\"Prototype 2.3 &#8211; Sensibilisation \u00e0 l\u2019usage des exosquelettes en environnement professionnel\"><img loading=\"lazy\" decoding=\"async\" width=\"300\" height=\"300\" src=\"https:\/\/www.crosstechxperience.eu\/app\/uploads\/2026\/04\/DSC2120-106-scaled-e1776075169413-300x300.jpg\" class=\"attachment-medium size-medium wp-post-image\" alt=\"\" style=\"\" srcset=\"https:\/\/www.crosstechxperience.eu\/app\/uploads\/2026\/04\/DSC2120-106-scaled-e1776075169413-300x300.jpg 300w, https:\/\/www.crosstechxperience.eu\/app\/uploads\/2026\/04\/DSC2120-106-scaled-e1776075169413-1024x1024.jpg 1024w, https:\/\/www.crosstechxperience.eu\/app\/uploads\/2026\/04\/DSC2120-106-scaled-e1776075169413-150x150.jpg 150w, https:\/\/www.crosstechxperience.eu\/app\/uploads\/2026\/04\/DSC2120-106-scaled-e1776075169413-768x768.jpg 768w, https:\/\/www.crosstechxperience.eu\/app\/uploads\/2026\/04\/DSC2120-106-scaled-e1776075169413-1536x1536.jpg 1536w, https:\/\/www.crosstechxperience.eu\/app\/uploads\/2026\/04\/DSC2120-106-scaled-e1776075169413-12x12.jpg 12w, https:\/\/www.crosstechxperience.eu\/app\/uploads\/2026\/04\/DSC2120-106-scaled-e1776075169413.jpg 1706w\" sizes=\"auto, (max-width: 300px) 100vw, 300px\" \/><\/a><\/div><a class=\"wp-block-latest-posts__post-title\" href=\"https:\/\/www.crosstechxperience.eu\/nl\/prototype-2-3-sensibilisation-a-lusage-des-exosquelettes-en-environnement-professionnel\/\">Prototype 2.3 &#8211; Sensibilisation \u00e0 l\u2019usage des exosquelettes en environnement professionnel<\/a><div class=\"wp-block-latest-posts__post-excerpt\">Porter des charges lourdes toute la journ\u00e9e\u2026 sans vraiment ressentir les cons\u00e9quences ? Un\u2026 <a class=\"wp-block-latest-posts__read-more\" href=\"https:\/\/www.crosstechxperience.eu\/nl\/prototype-2-3-sensibilisation-a-lusage-des-exosquelettes-en-environnement-professionnel\/\" rel=\"noopener noreferrer\">Lees meer<span class=\"screen-reader-text\">: Prototype 2.3 &#8211; Sensibilisation \u00e0 l\u2019usage des exosquelettes en environnement professionnel<\/span><\/a><\/div><\/li>\n<li><div class=\"wp-block-latest-posts__featured-image\"><a href=\"https:\/\/www.crosstechxperience.eu\/nl\/prototype-2-2-vr-therapeutique-pour-lanxiete-scolaire\/\" aria-label=\"Prototype 2.2 &#8211; VR th\u00e9rapeutique pour l\u2019anxi\u00e9t\u00e9 scolaire\"><img loading=\"lazy\" decoding=\"async\" width=\"300\" height=\"300\" src=\"https:\/\/www.crosstechxperience.eu\/app\/uploads\/2026\/04\/equipe-jenna-e1776075132413-300x300.png\" class=\"attachment-medium size-medium wp-post-image\" alt=\"\" style=\"\" srcset=\"https:\/\/www.crosstechxperience.eu\/app\/uploads\/2026\/04\/equipe-jenna-e1776075132413-300x300.png 300w, https:\/\/www.crosstechxperience.eu\/app\/uploads\/2026\/04\/equipe-jenna-e1776075132413-150x150.png 150w, https:\/\/www.crosstechxperience.eu\/app\/uploads\/2026\/04\/equipe-jenna-e1776075132413-768x768.png 768w, https:\/\/www.crosstechxperience.eu\/app\/uploads\/2026\/04\/equipe-jenna-e1776075132413-12x12.png 12w, https:\/\/www.crosstechxperience.eu\/app\/uploads\/2026\/04\/equipe-jenna-e1776075132413.png 785w\" sizes=\"auto, (max-width: 300px) 100vw, 300px\" \/><\/a><\/div><a class=\"wp-block-latest-posts__post-title\" href=\"https:\/\/www.crosstechxperience.eu\/nl\/prototype-2-2-vr-therapeutique-pour-lanxiete-scolaire\/\">Prototype 2.2 &#8211; VR th\u00e9rapeutique pour l\u2019anxi\u00e9t\u00e9 scolaire<\/a><div class=\"wp-block-latest-posts__post-excerpt\">Prendre la parole en classe\u2026 et rester fig\u00e9 face aux autres ? Et si\u2026 <a class=\"wp-block-latest-posts__read-more\" href=\"https:\/\/www.crosstechxperience.eu\/nl\/prototype-2-2-vr-therapeutique-pour-lanxiete-scolaire\/\" rel=\"noopener noreferrer\">Lees meer<span class=\"screen-reader-text\">: Prototype 2.2 &#8211; VR th\u00e9rapeutique pour l\u2019anxi\u00e9t\u00e9 scolaire<\/span><\/a><\/div><\/li>\n<li><div class=\"wp-block-latest-posts__featured-image\"><a href=\"https:\/\/www.crosstechxperience.eu\/nl\/prototype-2-1-assistance-a-lassemblage-en-environnement-industriel\/\" aria-label=\"Prototype 2.1 &#8211; Assistance \u00e0 l\u2019assemblage en environnement industriel\"><img loading=\"lazy\" decoding=\"async\" width=\"300\" height=\"300\" src=\"https:\/\/www.crosstechxperience.eu\/app\/uploads\/2026\/04\/DSC1885-24-scaled-e1776074907784-300x300.jpg\" class=\"attachment-medium size-medium wp-post-image\" alt=\"\" style=\"\" srcset=\"https:\/\/www.crosstechxperience.eu\/app\/uploads\/2026\/04\/DSC1885-24-scaled-e1776074907784-300x300.jpg 300w, https:\/\/www.crosstechxperience.eu\/app\/uploads\/2026\/04\/DSC1885-24-scaled-e1776074907784-1024x1024.jpg 1024w, https:\/\/www.crosstechxperience.eu\/app\/uploads\/2026\/04\/DSC1885-24-scaled-e1776074907784-150x150.jpg 150w, https:\/\/www.crosstechxperience.eu\/app\/uploads\/2026\/04\/DSC1885-24-scaled-e1776074907784-768x768.jpg 768w, https:\/\/www.crosstechxperience.eu\/app\/uploads\/2026\/04\/DSC1885-24-scaled-e1776074907784-1536x1536.jpg 1536w, https:\/\/www.crosstechxperience.eu\/app\/uploads\/2026\/04\/DSC1885-24-scaled-e1776074907784-12x12.jpg 12w, https:\/\/www.crosstechxperience.eu\/app\/uploads\/2026\/04\/DSC1885-24-scaled-e1776074907784.jpg 1706w\" sizes=\"auto, (max-width: 300px) 100vw, 300px\" \/><\/a><\/div><a class=\"wp-block-latest-posts__post-title\" href=\"https:\/\/www.crosstechxperience.eu\/nl\/prototype-2-1-assistance-a-lassemblage-en-environnement-industriel\/\">Prototype 2.1 &#8211; Assistance \u00e0 l\u2019assemblage en environnement industriel<\/a><div class=\"wp-block-latest-posts__post-excerpt\">Assembler une cabine complexe\u2026 sans jamais h\u00e9siter sur l\u2019emplacement d\u2019une pi\u00e8ce ? Et si\u2026 <a class=\"wp-block-latest-posts__read-more\" href=\"https:\/\/www.crosstechxperience.eu\/nl\/prototype-2-1-assistance-a-lassemblage-en-environnement-industriel\/\" rel=\"noopener noreferrer\">Lees meer<span class=\"screen-reader-text\">: Prototype 2.1 &#8211; Assistance \u00e0 l\u2019assemblage en environnement industriel<\/span><\/a><\/div><\/li>\n<li><div class=\"wp-block-latest-posts__featured-image\"><a href=\"https:\/\/www.crosstechxperience.eu\/nl\/pilot-projet-1\/\" aria-label=\"Pilot Project #1\"><img loading=\"lazy\" decoding=\"async\" width=\"300\" height=\"300\" src=\"https:\/\/www.crosstechxperience.eu\/app\/uploads\/2025\/09\/DSC08491-300x300.jpg\" class=\"attachment-medium size-medium wp-post-image\" alt=\"\" style=\"\" srcset=\"https:\/\/www.crosstechxperience.eu\/app\/uploads\/2025\/09\/DSC08491-300x300.jpg 300w, https:\/\/www.crosstechxperience.eu\/app\/uploads\/2025\/09\/DSC08491-1024x1024.jpg 1024w, https:\/\/www.crosstechxperience.eu\/app\/uploads\/2025\/09\/DSC08491-150x150.jpg 150w, https:\/\/www.crosstechxperience.eu\/app\/uploads\/2025\/09\/DSC08491-768x768.jpg 768w, https:\/\/www.crosstechxperience.eu\/app\/uploads\/2025\/09\/DSC08491-1536x1536.jpg 1536w\" sizes=\"auto, (max-width: 300px) 100vw, 300px\" \/><\/a><\/div><a class=\"wp-block-latest-posts__post-title\" href=\"https:\/\/www.crosstechxperience.eu\/nl\/pilot-projet-1\/\">Pilot Project #1<\/a><div class=\"wp-block-latest-posts__post-excerpt\">Pilot Project #1 Formation XR pour les \u00e9quipes de vente du secteur bricolage &amp;\u2026 <a class=\"wp-block-latest-posts__read-more\" href=\"https:\/\/www.crosstechxperience.eu\/nl\/pilot-projet-1\/\" rel=\"noopener noreferrer\">Lees meer<span class=\"screen-reader-text\">: Pilot Project #1<\/span><\/a><\/div><\/li>\n<li><div class=\"wp-block-latest-posts__featured-image\"><a href=\"https:\/\/www.crosstechxperience.eu\/nl\/prototype-1-2-tourism-game\/\" aria-label=\"Prototype 1.2 Tourism Game &#8211; Red\u00e9couvrir son territoire en famille\"><img loading=\"lazy\" decoding=\"async\" width=\"300\" height=\"300\" src=\"https:\/\/www.crosstechxperience.eu\/app\/uploads\/2025\/09\/DSC08910-1-300x300.jpg\" class=\"attachment-medium size-medium wp-post-image\" alt=\"\" style=\"\" srcset=\"https:\/\/www.crosstechxperience.eu\/app\/uploads\/2025\/09\/DSC08910-1-300x300.jpg 300w, https:\/\/www.crosstechxperience.eu\/app\/uploads\/2025\/09\/DSC08910-1-1024x1024.jpg 1024w, https:\/\/www.crosstechxperience.eu\/app\/uploads\/2025\/09\/DSC08910-1-150x150.jpg 150w, https:\/\/www.crosstechxperience.eu\/app\/uploads\/2025\/09\/DSC08910-1-768x768.jpg 768w, https:\/\/www.crosstechxperience.eu\/app\/uploads\/2025\/09\/DSC08910-1-1536x1536.jpg 1536w\" sizes=\"auto, (max-width: 300px) 100vw, 300px\" \/><\/a><\/div><a class=\"wp-block-latest-posts__post-title\" href=\"https:\/\/www.crosstechxperience.eu\/nl\/prototype-1-2-tourism-game\/\">Prototype 1.2 Tourism Game &#8211; Red\u00e9couvrir son territoire en famille<\/a><div class=\"wp-block-latest-posts__post-excerpt\">Apprendre et s\u2019amuser : le jeu vid\u00e9o au service du tourisme local Un projet\u2026 <a class=\"wp-block-latest-posts__read-more\" href=\"https:\/\/www.crosstechxperience.eu\/nl\/prototype-1-2-tourism-game\/\" rel=\"noopener noreferrer\">Lees meer<span class=\"screen-reader-text\">: Prototype 1.2 Tourism Game &#8211; Red\u00e9couvrir son territoire en famille<\/span><\/a><\/div><\/li>\n<li><div class=\"wp-block-latest-posts__featured-image\"><a href=\"https:\/\/www.crosstechxperience.eu\/nl\/prototype-1-1-wello\/\" aria-label=\"Prototype 1.1 WELLO &#8211; R\u00e9inventer le t\u00e9l\u00e9travail\"><img loading=\"lazy\" decoding=\"async\" width=\"300\" height=\"300\" src=\"https:\/\/www.crosstechxperience.eu\/app\/uploads\/2025\/09\/12062018-DSC07273-1-300x300.jpg\" class=\"attachment-medium size-medium wp-post-image\" alt=\"\" style=\"\" srcset=\"https:\/\/www.crosstechxperience.eu\/app\/uploads\/2025\/09\/12062018-DSC07273-1-300x300.jpg 300w, https:\/\/www.crosstechxperience.eu\/app\/uploads\/2025\/09\/12062018-DSC07273-1-1024x1024.jpg 1024w, https:\/\/www.crosstechxperience.eu\/app\/uploads\/2025\/09\/12062018-DSC07273-1-150x150.jpg 150w, https:\/\/www.crosstechxperience.eu\/app\/uploads\/2025\/09\/12062018-DSC07273-1-768x768.jpg 768w, https:\/\/www.crosstechxperience.eu\/app\/uploads\/2025\/09\/12062018-DSC07273-1-1536x1536.jpg 1536w, https:\/\/www.crosstechxperience.eu\/app\/uploads\/2025\/09\/12062018-DSC07273-1-2048x2048.jpg 2048w, https:\/\/www.crosstechxperience.eu\/app\/uploads\/2025\/09\/12062018-DSC07273-1-12x12.jpg 12w\" sizes=\"auto, (max-width: 300px) 100vw, 300px\" \/><\/a><\/div><a class=\"wp-block-latest-posts__post-title\" href=\"https:\/\/www.crosstechxperience.eu\/nl\/prototype-1-1-wello\/\">Prototype 1.1 WELLO &#8211; R\u00e9inventer le t\u00e9l\u00e9travail<\/a><div class=\"wp-block-latest-posts__post-excerpt\">Travailler de chez soi\u2026 sans y \u00eatre vraiment ? Un prototype imagin\u00e9 pour red\u00e9finir\u2026 <a class=\"wp-block-latest-posts__read-more\" href=\"https:\/\/www.crosstechxperience.eu\/nl\/prototype-1-1-wello\/\" rel=\"noopener noreferrer\">Lees meer<span class=\"screen-reader-text\">: Prototype 1.1 WELLO &#8211; R\u00e9inventer le t\u00e9l\u00e9travail<\/span><\/a><\/div><\/li>\n<\/ul>\n\n\n<h2 class=\"wp-block-heading has-custom-color-1-color has-text-color\" style=\"font-size:clamp(26.465px, 1.654rem + ((1vw - 3.2px) * 1.817), 45px);\"><strong>Artistieke residentieprojecten<\/strong><\/h2>\n\n\n<ul style=\"padding-top:var(--wp--preset--spacing--40);padding-bottom:var(--wp--preset--spacing--40);padding-left:var(--wp--preset--spacing--50);padding-right:var(--wp--preset--spacing--50);\" class=\"wp-block-latest-posts__list is-grid columns-3 has-link-color alignwide wp-elements-09e665607f41578e820cdd9f74b422e9 wp-block-latest-posts has-text-color has-contrast-color has-large-font-size\"><li><div class=\"wp-block-latest-posts__featured-image\"><a href=\"https:\/\/www.crosstechxperience.eu\/nl\/appel-a-projet-residence-artistique-et-technologique\/\" aria-label=\"Appel \u00e0 projet &#8211; R\u00e9sidence artistique et technologique\"><img loading=\"lazy\" decoding=\"async\" width=\"1024\" height=\"1024\" src=\"https:\/\/www.crosstechxperience.eu\/app\/uploads\/2026\/01\/Annonce-CTX-1-1024x1024.png\" class=\"attachment-large size-large wp-post-image\" alt=\"\" style=\"\" srcset=\"https:\/\/www.crosstechxperience.eu\/app\/uploads\/2026\/01\/Annonce-CTX-1-1024x1024.png 1024w, https:\/\/www.crosstechxperience.eu\/app\/uploads\/2026\/01\/Annonce-CTX-1-300x300.png 300w, https:\/\/www.crosstechxperience.eu\/app\/uploads\/2026\/01\/Annonce-CTX-1-150x150.png 150w, https:\/\/www.crosstechxperience.eu\/app\/uploads\/2026\/01\/Annonce-CTX-1-768x768.png 768w, https:\/\/www.crosstechxperience.eu\/app\/uploads\/2026\/01\/Annonce-CTX-1-12x12.png 12w, https:\/\/www.crosstechxperience.eu\/app\/uploads\/2026\/01\/Annonce-CTX-1.png 1080w\" sizes=\"auto, (max-width: 1024px) 100vw, 1024px\" \/><\/a><\/div><a class=\"wp-block-latest-posts__post-title\" href=\"https:\/\/www.crosstechxperience.eu\/nl\/appel-a-projet-residence-artistique-et-technologique\/\">Appel \u00e0 projet &#8211; R\u00e9sidence artistique et technologique<\/a><div class=\"wp-block-latest-posts__post-excerpt\">APPEL A PROJET R\u00e9sidence artistique et technologique Th\u00e8me : la m\u00e9diation culturelle augment\u00e9eDate d&rsquo;ouverture\u2026 <a class=\"wp-block-latest-posts__read-more\" href=\"https:\/\/www.crosstechxperience.eu\/nl\/appel-a-projet-residence-artistique-et-technologique\/\" rel=\"noopener noreferrer\">Lees meer<span class=\"screen-reader-text\">: Appel \u00e0 projet &#8211; R\u00e9sidence artistique et technologique<\/span><\/a><\/div><\/li>\n<li><div class=\"wp-block-latest-posts__featured-image\"><a href=\"https:\/\/www.crosstechxperience.eu\/nl\/residence-artistique-1\/\" aria-label=\"R\u00e9sidence artistique #1\"><img loading=\"lazy\" decoding=\"async\" width=\"1024\" height=\"1024\" src=\"https:\/\/www.crosstechxperience.eu\/app\/uploads\/2025\/09\/thumbnail_Ontwerp-zonder-titel-9-e1756891669693-1024x1024.jpg\" class=\"attachment-large size-large wp-post-image\" alt=\"\" style=\"\" srcset=\"https:\/\/www.crosstechxperience.eu\/app\/uploads\/2025\/09\/thumbnail_Ontwerp-zonder-titel-9-e1756891669693-1024x1024.jpg 1024w, https:\/\/www.crosstechxperience.eu\/app\/uploads\/2025\/09\/thumbnail_Ontwerp-zonder-titel-9-e1756891669693-300x300.jpg 300w, https:\/\/www.crosstechxperience.eu\/app\/uploads\/2025\/09\/thumbnail_Ontwerp-zonder-titel-9-e1756891669693-150x150.jpg 150w, https:\/\/www.crosstechxperience.eu\/app\/uploads\/2025\/09\/thumbnail_Ontwerp-zonder-titel-9-e1756891669693-768x768.jpg 768w, https:\/\/www.crosstechxperience.eu\/app\/uploads\/2025\/09\/thumbnail_Ontwerp-zonder-titel-9-e1756891669693-1536x1536.jpg 1536w, https:\/\/www.crosstechxperience.eu\/app\/uploads\/2025\/09\/thumbnail_Ontwerp-zonder-titel-9-e1756891669693-12x12.jpg 12w, https:\/\/www.crosstechxperience.eu\/app\/uploads\/2025\/09\/thumbnail_Ontwerp-zonder-titel-9-e1756891669693.jpg 1920w\" sizes=\"auto, (max-width: 1024px) 100vw, 1024px\" \/><\/a><\/div><a class=\"wp-block-latest-posts__post-title\" href=\"https:\/\/www.crosstechxperience.eu\/nl\/residence-artistique-1\/\">R\u00e9sidence artistique #1<\/a><div class=\"wp-block-latest-posts__post-excerpt\">SINE.SIX : Une immersion sensorielle entre son, lumi\u00e8re et technologie Une performance immersive captivante,\u2026 <a class=\"wp-block-latest-posts__read-more\" href=\"https:\/\/www.crosstechxperience.eu\/nl\/residence-artistique-1\/\" rel=\"noopener noreferrer\">Lees meer<span class=\"screen-reader-text\">: R\u00e9sidence artistique #1<\/span><\/a><\/div><\/li>\n<\/ul>\n\n\n<hr class=\"wp-block-separator has-text-color has-alpha-channel-opacity has-background is-style-wide is-style-wide--1\" style=\"margin-top:0px;margin-bottom:0px;background-color:#d2d6d5;color:#d2d6d5\"\/>\n<\/div>","protected":false},"excerpt":{"rendered":"<p>Projets Projets r\u00e9sidences artistiques<\/p>","protected":false},"author":1,"featured_media":239,"parent":0,"menu_order":0,"comment_status":"closed","ping_status":"closed","template":"","meta":{"footnotes":""},"class_list":["post-223","page","type-page","status-publish","has-post-thumbnail","hentry"],"_links":{"self":[{"href":"https:\/\/www.crosstechxperience.eu\/nl\/wp-json\/wp\/v2\/pages\/223","targetHints":{"allow":["GET"]}}],"collection":[{"href":"https:\/\/www.crosstechxperience.eu\/nl\/wp-json\/wp\/v2\/pages"}],"about":[{"href":"https:\/\/www.crosstechxperience.eu\/nl\/wp-json\/wp\/v2\/types\/page"}],"author":[{"embeddable":true,"href":"https:\/\/www.crosstechxperience.eu\/nl\/wp-json\/wp\/v2\/users\/1"}],"replies":[{"embeddable":true,"href":"https:\/\/www.crosstechxperience.eu\/nl\/wp-json\/wp\/v2\/comments?post=223"}],"version-history":[{"count":9,"href":"https:\/\/www.crosstechxperience.eu\/nl\/wp-json\/wp\/v2\/pages\/223\/revisions"}],"predecessor-version":[{"id":762,"href":"https:\/\/www.crosstechxperience.eu\/nl\/wp-json\/wp\/v2\/pages\/223\/revisions\/762"}],"wp:featuredmedia":[{"embeddable":true,"href":"https:\/\/www.crosstechxperience.eu\/nl\/wp-json\/wp\/v2\/media\/239"}],"wp:attachment":[{"href":"https:\/\/www.crosstechxperience.eu\/nl\/wp-json\/wp\/v2\/media?parent=223"}],"curies":[{"name":"wp","href":"https:\/\/api.w.org\/{rel}","templated":true}]}}